{"id":361,"date":"2023-12-16T13:08:33","date_gmt":"2023-12-16T12:08:33","guid":{"rendered":"https:\/\/isonyx.de\/?page_id=361"},"modified":"2023-12-23T15:15:16","modified_gmt":"2023-12-23T14:15:16","slug":"home","status":"publish","type":"page","link":"https:\/\/isonyx.de\/","title":{"rendered":"Start"},"content":{"rendered":"<p>\u201eMeine Sicht\u201c<\/p>\n<p>Freelance fotografer\/writer<br \/>\nMeine Einladung ist, Sie mitzunehmen, auf eine &#8222;Durch-meine-Augen-Reise&#8220;.<br \/>\nBin st\u00e4ndig auf der Suche nach: Freaks, Punks, G\u00f6ttinnen, Heiligen, Huren,<br \/>\nAlten, Jungen, zu Dicken, zu D\u00fcnnen, T\u00e4towierten, Albinos, Geraden,<br \/>\nKrummen, Lauten, Stummen.<br \/>\nErnsthaft auf der Suche, nach nicht nur optisch ungew\u00f6hnlichen Leuten.<br \/>\nMenschen, die eine Geschichte zu erz\u00e4hlen haben und das gerne tun wollen.<br \/>\nBlicke mir in die Cam und erz\u00e4hle mir, damit ich das Bild erz\u00e4hlen lassen kann.<br \/>\nDie Schwimmreifen im Strandbad meiner Seele, sind beschriftet mit &#8222;freundlich zugewandt&#8220; und h\u00e4ngen an der Stegseite mit der Aufschrift: &#8222;Sch\u00f6n, dass du dabei bist!&#8220;<br \/>\nDie, die sich h\u00e4sslich finden, haben sich vielleicht noch nie sch\u00f6n gesucht.<br \/>\nMeine Cam hat einen ganz besonderen Such-Sensor. Is there anybody out<br \/>\nthere? Lasst uns zusammen &#8222;The dark side of the moon&#8220; h\u00f6ren und sehen, bis<br \/>\nuns Beides vergeht und Neues entsteht.<\/p>\n<p>Views: 88405<\/p>","protected":false},"excerpt":{"rendered":"<p>\u201eMeine Sicht\u201c Freelance fotografer\/writer Meine Einladung ist, Sie mitzunehmen, auf eine &#8222;Durch-meine-Augen-Reise&#8220;. Bin st\u00e4ndig auf der Suche nach: Freaks, Punks, G\u00f6ttinnen, Heiligen, Huren, Alten, Jungen, zu Dicken, zu D\u00fcnnen, T\u00e4towierten, Albinos, Geraden, Krummen, Lauten, Stummen. Ernsthaft auf der Suche, nach nicht nur optisch ungew\u00f6hnlichen Leuten. Menschen, die eine Geschichte zu erz\u00e4hlen haben und das gerne &hellip; <\/p>\n<p class=\"link-more\"><a href=\"https:\/\/isonyx.de\/\" class=\"more-link\"><span class=\"screen-reader-text\">\u201eStart\u201c <\/span>weiterlesen<\/a><\/p>\n","protected":false},"author":2,"featured_media":0,"parent":0,"menu_order":0,"comment_status":"closed","ping_status":"closed","template":"","meta":{"footnotes":""},"class_list":["post-361","page","type-page","status-publish","hentry"],"_links":{"self":[{"href":"https:\/\/isonyx.de\/index.php?rest_route=\/wp\/v2\/pages\/361","targetHints":{"allow":["GET"]}}],"collection":[{"href":"https:\/\/isonyx.de\/index.php?rest_route=\/wp\/v2\/pages"}],"about":[{"href":"https:\/\/isonyx.de\/index.php?rest_route=\/wp\/v2\/types\/page"}],"author":[{"embeddable":true,"href":"https:\/\/isonyx.de\/index.php?rest_route=\/wp\/v2\/users\/2"}],"replies":[{"embeddable":true,"href":"https:\/\/isonyx.de\/index.php?rest_route=%2Fwp%2Fv2%2Fcomments&post=361"}],"version-history":[{"count":10,"href":"https:\/\/isonyx.de\/index.php?rest_route=\/wp\/v2\/pages\/361\/revisions"}],"predecessor-version":[{"id":703,"href":"https:\/\/isonyx.de\/index.php?rest_route=\/wp\/v2\/pages\/361\/revisions\/703"}],"wp:attachment":[{"href":"https:\/\/isonyx.de\/index.php?rest_route=%2Fwp%2Fv2%2Fmedia&parent=361"}],"curies":[{"name":"wp","href":"https:\/\/api.w.org\/{rel}","templated":true}]}}