{"id":438,"date":"2023-12-18T14:43:48","date_gmt":"2023-12-18T13:43:48","guid":{"rendered":"https:\/\/isonyx.de\/?page_id=438"},"modified":"2023-12-18T17:23:33","modified_gmt":"2023-12-18T16:23:33","slug":"ueber-mich","status":"publish","type":"page","link":"https:\/\/isonyx.de\/?page_id=438","title":{"rendered":"\u00dcber mich"},"content":{"rendered":"<p>Die Schrift-Werkerin<br \/>\nin der Geburtsstation Liegengelassene,<br \/>\nHeiminsasse,<br \/>\nAdoptivkind,<br \/>\nin drei verschiedenen Eheringen gravierte Illusion.<br \/>\nImmer au\u00dfen und an der Seite, weil die Peripherie mir den Aus-Blick erm\u00f6glichte, den ich brauchte, um mich nicht in die Ein-Sichtigkeit zu reduzieren.<br \/>\nH\u00f6henfliegend, tiefsinnend, eigen, nicht willig, weit gereist, selten angekommen.<br \/>\nPhantast, nicht fanat, auch nicht mit Tisch.<br \/>\n\u00dcbersinnlich im Sein und betratscht, als unterbelichtet.<br \/>\nNach vielfachen Eingriffen, kurzatmig in der Physis<br \/>\nund doch mit der Startnummer Sieben, als Marathonl\u00e4ufer<br \/>\nim Schicksalsgebirge st\u00e4ndig am Pass.<br \/>\nBlaue Flecken auf dem Herzen;<br \/>\nBrandblasen im Urvertrauen.<br \/>\nStill, aber nicht schweigend.<br \/>\nBef\u00e4higt, aber nicht befreit.<\/p>\n<p>Ohne gelebte Kreativit\u00e4t vergl\u00fcht etwas im Inneren.<br \/>\nEs ist mein Sein, das nach lebendigem Ausdruck strebt, als<br \/>\nKritik der reinen Vernunft.<br \/>\nZerrissen, gekittet, mit ruhelosen Geist, auf der Suche nach<br \/>\nalten Br\u00fcdern und Schwestern, eben solchen.<br \/>\nDas Ziel vor Augen, am Schlingern in den Kurven, aber gef\u00fchlt noch nicht mal auf der Geraden dorthin.<br \/>\nGerade<br \/>\nsehr nahe an den Sechzig, wobei es auch Vierzig oder Drei\u00dfig sein k\u00f6nnten, \u00a0mit weiterem<br \/>\nPotenzial nach unten, ohne es bemerkt zu haben.<br \/>\nIch schreibe und fotografiere um mein Leben.<\/p>\n<p>Schreibwerk<\/p>\n<p>Isonyx<\/p>\n<p>Views: 1096<\/p>","protected":false},"excerpt":{"rendered":"<p>Die Schrift-Werkerin in der Geburtsstation Liegengelassene, Heiminsasse, Adoptivkind, in drei verschiedenen Eheringen gravierte Illusion. Immer au\u00dfen und an der Seite, weil die Peripherie mir den Aus-Blick erm\u00f6glichte, den ich brauchte, um mich nicht in die Ein-Sichtigkeit zu reduzieren. H\u00f6henfliegend, tiefsinnend, eigen, nicht willig, weit gereist, selten angekommen. Phantast, nicht fanat, auch nicht mit Tisch. \u00dcbersinnlich &hellip; <\/p>\n<p class=\"link-more\"><a href=\"https:\/\/isonyx.de\/?page_id=438\" class=\"more-link\"><span class=\"screen-reader-text\">\u201e\u00dcber mich\u201c <\/span>weiterlesen<\/a><\/p>\n","protected":false},"author":2,"featured_media":53,"parent":0,"menu_order":0,"comment_status":"closed","ping_status":"closed","template":"","meta":{"footnotes":""},"class_list":["post-438","page","type-page","status-publish","has-post-thumbnail","hentry"],"_links":{"self":[{"href":"https:\/\/isonyx.de\/index.php?rest_route=\/wp\/v2\/pages\/438","targetHints":{"allow":["GET"]}}],"collection":[{"href":"https:\/\/isonyx.de\/index.php?rest_route=\/wp\/v2\/pages"}],"about":[{"href":"https:\/\/isonyx.de\/index.php?rest_route=\/wp\/v2\/types\/page"}],"author":[{"embeddable":true,"href":"https:\/\/isonyx.de\/index.php?rest_route=\/wp\/v2\/users\/2"}],"replies":[{"embeddable":true,"href":"https:\/\/isonyx.de\/index.php?rest_route=%2Fwp%2Fv2%2Fcomments&post=438"}],"version-history":[{"count":2,"href":"https:\/\/isonyx.de\/index.php?rest_route=\/wp\/v2\/pages\/438\/revisions"}],"predecessor-version":[{"id":462,"href":"https:\/\/isonyx.de\/index.php?rest_route=\/wp\/v2\/pages\/438\/revisions\/462"}],"wp:featuredmedia":[{"embeddable":true,"href":"https:\/\/isonyx.de\/index.php?rest_route=\/wp\/v2\/media\/53"}],"wp:attachment":[{"href":"https:\/\/isonyx.de\/index.php?rest_route=%2Fwp%2Fv2%2Fmedia&parent=438"}],"curies":[{"name":"wp","href":"https:\/\/api.w.org\/{rel}","templated":true}]}}