{"id":440,"date":"2023-12-18T14:49:22","date_gmt":"2023-12-18T13:49:22","guid":{"rendered":"https:\/\/isonyx.de\/?page_id=440"},"modified":"2023-12-23T13:13:03","modified_gmt":"2023-12-23T12:13:03","slug":"zitate-aphorismen-bonmots","status":"publish","type":"page","link":"https:\/\/isonyx.de\/?page_id=440","title":{"rendered":"Zitate \u2013 Aphorismen &#8211; Bonmots"},"content":{"rendered":"\n<p><\/p>\n\n\n\n<p class=\"has-text-align-center\"><strong>Vertrauen<\/strong><\/p>\n\n<p class=\"has-text-align-center\">Es ist nicht die Frage, ob man jemandem vertrauen <em>KANN<\/em>,<br>sondern ob man es <em>WAGEN <\/em>wird.<\/p>\n\n<div style=\"height:100px\" aria-hidden=\"true\" class=\"wp-block-spacer\"><\/div>\n\n<p class=\"has-text-align-center\"><strong>Koketterie auf h\u00f6chstem Niveau<\/strong><\/p>\n\n\n<p class=\"has-text-align-center\"><em>Der <\/em>Moment, in dem eine Frau \u2013 ohne Besch\u00f6nigungen \u2013 \u00fcber alle ihre optischen M\u00e4ngel wahrheitsgem\u00e4\u00df berichtet, ist absolut identisch mit <em>dem <\/em>Moment,<br>wo sie bewiesenerma\u00dfen wei\u00df, <br>dass sie phantastisch aussieht !<\/p>\n\n<div style=\"height:100px\" aria-hidden=\"true\" class=\"wp-block-spacer\"><\/div>\n\n<p class=\"has-text-align-center\"><strong>Frauenfallen<\/strong><\/p>\n\n\n<p class=\"has-text-align-center\">Die \u201elange Leine\u201c eines (m\u00e4nnlichen) Arbeitgebers hei\u00dft: Zeiterfassungssystem.<br>Die \u201ekurze\u201c hei\u00dft: Sexuelle N\u00f6tigung !<\/p>\n\n<p>\n\n\n<\/p>\n<p>\n\n\n<\/p>\n<div class=\"wp-block-spacer\" style=\"height: 100px;\" aria-hidden=\"true\">\u00a0<\/div>\n<p>\n\n\n<\/p>\n<p>\n\n\n<\/p>\n<p>\n\n\n<\/p>\n<p>\n\n\n<\/p>\n<p class=\"has-text-align-center\"><strong>Fuck the Establishment<\/strong><\/p>\n<p>\n\n\n<\/p>\n<p>\n\n\n<\/p>\n<p class=\"has-text-align-center\">Geld, ist das einzig m\u00f6gliche Medium im Establishment, um beispielsweise kleine Kinder vergewaltigen zu d\u00fcrfen und trotzdem einen einwandfreien Leumund vorweisen zu k\u00f6nnen!<\/p>\n<p>\n\n<\/p>\n<div class=\"wp-block-spacer\" style=\"height: 100px;\" aria-hidden=\"true\">\u00a0<\/div>\n<p>\n\n<\/p>\n<p class=\"has-text-align-center\"><strong>Frauen und Geld<\/strong><\/p>\n<p>\n\n\n<\/p>\n<p>\n\n\n<\/p>\n<p class=\"has-text-align-center\">Zitate, die Geld betreffen, stehen M\u00e4nnern besser an, als Frauen. M\u00e4nner besch\u00e4ftigen sich gerne essentiell mit dieser \u201aleicht\u2019 beschaffbaren Charakter-Definitions-M\u00f6glichkeit, w\u00e4hrend Frauen sich damit zufrieden geben, die Wahrheit zu kennen und diese zu verschwenden.<\/p>\n<p>\n\n\n<\/p>\n<p>\n\n\n<\/p>\n<div class=\"wp-block-spacer\" style=\"height: 100px;\" aria-hidden=\"true\">\u00a0<\/div>\n<p>\n\n\n<p class=\"has-text-align-center\"><strong>Stumpfsinn<\/strong><\/p>\n<p><!-- \/wp:post-content --><\/p>\n<p><!-- \/wp:paragraph --><\/p>\n<p><!-- wp:spacer --><\/p>\n<p><!-- \/wp:spacer --><\/p>\n<p><!-- \/wp:paragraph --><\/p>\n<p><!-- wp:paragraph {\"align\":\"center\"} --><\/p>\n<p style=\"text-align: center;\">Oftmals wird sinniert, was ein Mensch sich bei diesem oder<br \/>jenem gedacht hat &#8211;<br \/>Schlimmstenfalls NICHTS !<\/p>\n<p><!-- wp:spacer --><\/p>\n<div class=\"wp-block-spacer\" style=\"height: 100px;\" aria-hidden=\"true\">\u00a0<\/div>\n<p><!-- \/wp:spacer --><\/p>\n<p class=\"has-text-align-center\"><strong>Weiber-Weisheit<\/strong><\/p>\n<p><!-- \/wp:paragraph --><\/p>\n<p><!-- wp:paragraph {\"align\":\"center\"} --><\/p>\n<p class=\"has-text-align-center\">Ist es nun verwunderlich oder einleuchtend, dass die wirklich gro\u00dfen, oftmals dann nie wieder ausgesprochenen Geheimnisse \u00fcber die Politik und die Wahrheiten des Lebens, h\u00e4ufiger in Damentoiletten, als an gr\u00fcnen Tischen oder roten Telefonen ausgetauscht werden ?<\/p>\n<p><!-- wp:spacer --><\/p>\n<div class=\"wp-block-spacer\" style=\"height: 100px;\" aria-hidden=\"true\">\u00a0<\/div>\n<p><!-- \/wp:spacer --><\/p>\n<p class=\"has-text-align-center\"><strong>Selbstbeweihr\u00e4ucherung<\/strong><\/p>\n<p><!-- \/wp:paragraph --><\/p>\n<p><!-- wp:paragraph {\"align\":\"center\"} --><\/p>\n<p class=\"has-text-align-center\">Es ist leicht, nach bestm\u00f6glicher F\u00f6rderung die Geschichte von: \u201e&#8230; ich habe es aus eigener Kraft geschafft &#8230;!\u201c zu erz\u00e4hlen. Das normalerweise an der Stelle err\u00f6tende Gewissen liegt dann ohnehin meist schon l\u00e4ngst entseelt am Wegesrand auf dieser steilen Stra\u00dfe.<\/p>\n<p><!-- wp:spacer --><\/p>\n<div class=\"wp-block-spacer\" style=\"height: 100px;\" aria-hidden=\"true\">\u00a0<\/div>\n<p><!-- \/wp:spacer --><\/p>\n<p class=\"has-text-align-center\"><strong>Chauvinismus leicht gemacht<\/strong><\/p>\n<p><!-- \/wp:paragraph --><\/p>\n<p><!-- wp:paragraph {\"align\":\"center\"} --><\/p>\n<p class=\"has-text-align-center\">Beobachte ein Mal in Deinem Leben, wie eine vollbusige Blondine, sehr geziert, per pinkfarbigen, f\u00fcnf Zentimeter-Nail-Tips, unter geifernder Beobachtung der m\u00e4nnlichen Eisdielen-Stuhlbesetzer, total unkonzentriert, mit halbgeschlossenen Lidern im Seitenblick auf die \u201eSpeisekarte\u201c, vergeblich versucht, ein Kartentelefon in Gang zu bringen \u2013 und Du wei\u00dft \u2013 woraus verdammt noch mal, die meisten Chauvi-Spr\u00fcche dieser Welt resultieren.<\/p>\n<p><!-- wp:spacer --><\/p>\n<div class=\"wp-block-spacer\" style=\"height: 100px;\" aria-hidden=\"true\">\u00a0<\/div>\n<p><!-- \/wp:spacer --><\/p>\n<p class=\"has-text-align-center\"><strong>Ad absurdum<\/strong><\/p>\n<p><!-- \/wp:paragraph --><\/p>\n<p><!-- wp:paragraph {\"align\":\"center\"} --><\/p>\n<p class=\"has-text-align-center\">Sollte es Symbolcharakter haben, dass es in unserer patriarchalischen Gesellschaftsstruktur, M\u00e4nner waren, die den Ausdruck \u201eIntelligente Kriegsf\u00fchrung\u201c pr\u00e4gten, was nach ethischer, philosophischer und humanit\u00e4rer Betrachtungsweise ein Oxymoron ist?<\/p>\n<p><!-- wp:spacer --><\/p>\n<div class=\"wp-block-spacer\" style=\"height: 100px;\" aria-hidden=\"true\">\u00a0<\/div>\n<p><!-- \/wp:spacer --><\/p>\n<p class=\"has-text-align-center\"><strong>Amputiert bis ins Gesunde<\/strong><\/p>\n<p><!-- \/wp:paragraph --><\/p>\n<p><!-- wp:paragraph {\"align\":\"center\"} --><\/p>\n<p class=\"has-text-align-center\">Dem Kannibalismus einiger Urv\u00f6lker entstand als Hauptkonsequenz, die v\u00f6llige Ausrottung der Besonderen, Kl\u00fcgsten, Nuturbegabten und somit eine k\u00fcnstliche Schaffung von absoluter Mittelm\u00e4\u00dfigkeit,<br \/>mit gleichzeitiger Stagnation lebensnotwendiger Evolution.<br \/>Wenn man von der tats\u00e4chlichen Verspeisung der menschlichen K\u00f6rper einmal absieht,<br \/>hat sich soviel nicht ge\u00e4ndert !<\/p>\n<p><!-- wp:spacer --><\/p>\n<div class=\"wp-block-spacer\" style=\"height: 100px;\" aria-hidden=\"true\">\u00a0<\/div>\n<p><!-- \/wp:spacer --><\/p>\n<p class=\"has-text-align-center\"><strong>Macher und M\u00f6glichkeiten<\/strong><\/p>\n<p><!-- \/wp:paragraph --><\/p>\n<p><!-- wp:paragraph {\"align\":\"center\"} --><\/p>\n<p class=\"has-text-align-center\">Freundschaft ist die einfachste M\u00f6glichkeit, einer Frau den Mann auszuspannen oder einem Mann die Sinnlosigkeit der Ehe aufzuzeigen.<\/p>\n<!-- wp:spacer -->\n<div style=\"height:100px\" aria-hidden=\"true\" class=\"wp-block-spacer\"><\/div>\n<!-- \/wp:spacer -->\n<p class=\"has-text-align-center\"><strong>W\u00fcrde<\/strong><\/p>\n<p><!-- \/wp:paragraph --><\/p>\n<p><!-- wp:paragraph {\"align\":\"center\"} --><\/p>\n<p class=\"has-text-align-center\">Es ist ein kurzer Weg von einem Fehlurteil, hin zur Unaufrichtigkeit.<br \/>Der Schritt von einer Ungerechtigkeit zur Glaubw\u00fcrdigkeit ist zwar genauso kurz,<br \/>jedoch endet dieser mit der wesentlichen Silbe in der Mitte:<br \/>W\u00fcrde.<\/p>\n<p><!-- wp:spacer --><\/p>\n<div class=\"wp-block-spacer\" style=\"height: 100px;\" aria-hidden=\"true\">\u00a0<\/div>\n<p><!-- \/wp:spacer --><\/p>\n<p class=\"has-text-align-center\"><strong>Collaborateurs visionn\u00e9es<\/strong><\/p>\n<p><!-- \/wp:paragraph --><\/p>\n<p><!-- wp:paragraph {\"align\":\"center\"} --><\/p>\n<p class=\"has-text-align-center\">Nur, weil man jemand den Steigb\u00fcgel h\u00e4lt, hei\u00dft das noch lange nicht,<br \/>dass man vor seinem Stiefeltritt gefeit ist.<\/p>\n<p><!-- \/wp:paragraph --><\/p>\n<p><!-- wp:paragraph {\"align\":\"center\"} --><\/p>\n<p><!-- \/wp:paragraph --><\/p>\n<p><!-- wp:spacer --><\/p>\n<div class=\"wp-block-spacer\" style=\"height: 100px;\" aria-hidden=\"true\">\u00a0<\/div>\n<p><!-- \/wp:spacer --><\/p><p>Views: 776<\/p>","protected":false},"excerpt":{"rendered":"<p>Fuck the Establishment Zitate, die Geld betreffen, stehen M\u00e4nnern besser an, als Frauen. M\u00e4nner besch\u00e4ftigen sich gerne essentiell mit dieser \u201aleicht\u2019 beschaffbaren Charakter-Definitions-M\u00f6glichkeit, w\u00e4hrend Frauen sich damit zufrieden geben, die Wahrheit zu kennen und diese zu verschwenden. Stumpfsinn Oftmals wird sinniert, was ein Mensch sich bei diesem oderjenem gedacht hat &#8211;Schlimmstenfalls NICHTS ! \u00a0 Weiber-Weisheit &hellip; <\/p>\n<p class=\"link-more\"><a href=\"https:\/\/isonyx.de\/?page_id=440\" class=\"more-link\"><span class=\"screen-reader-text\">\u201eZitate \u2013 Aphorismen &#8211; Bonmots\u201c <\/span>weiterlesen<\/a><\/p>\n","protected":false},"author":2,"featured_media":211,"parent":0,"menu_order":0,"comment_status":"closed","ping_status":"closed","template":"","meta":{"footnotes":""},"class_list":["post-440","page","type-page","status-publish","has-post-thumbnail","hentry"],"_links":{"self":[{"href":"https:\/\/isonyx.de\/index.php?rest_route=\/wp\/v2\/pages\/440","targetHints":{"allow":["GET"]}}],"collection":[{"href":"https:\/\/isonyx.de\/index.php?rest_route=\/wp\/v2\/pages"}],"about":[{"href":"https:\/\/isonyx.de\/index.php?rest_route=\/wp\/v2\/types\/page"}],"author":[{"embeddable":true,"href":"https:\/\/isonyx.de\/index.php?rest_route=\/wp\/v2\/users\/2"}],"replies":[{"embeddable":true,"href":"https:\/\/isonyx.de\/index.php?rest_route=%2Fwp%2Fv2%2Fcomments&post=440"}],"version-history":[{"count":55,"href":"https:\/\/isonyx.de\/index.php?rest_route=\/wp\/v2\/pages\/440\/revisions"}],"predecessor-version":[{"id":701,"href":"https:\/\/isonyx.de\/index.php?rest_route=\/wp\/v2\/pages\/440\/revisions\/701"}],"wp:featuredmedia":[{"embeddable":true,"href":"https:\/\/isonyx.de\/index.php?rest_route=\/wp\/v2\/media\/211"}],"wp:attachment":[{"href":"https:\/\/isonyx.de\/index.php?rest_route=%2Fwp%2Fv2%2Fmedia&parent=440"}],"curies":[{"name":"wp","href":"https:\/\/api.w.org\/{rel}","templated":true}]}}